{"id":1645,"date":"2023-11-06T08:04:21","date_gmt":"2023-11-06T07:04:21","guid":{"rendered":"https:\/\/novy.vuvisnove.cz\/?page_id=1645"},"modified":"2025-10-01T10:48:20","modified_gmt":"2025-10-01T08:48:20","slug":"vychovny-ustav","status":"publish","type":"page","link":"https:\/\/www.vuvisnove.cz\/?page_id=1645","title":{"rendered":"V\u00fdchovn\u00fd \u00fastav"},"content":{"rendered":"\n<div class=\"wp-block-stackable-spacer stk-block-spacer stk--no-padding stk-block stk-d6d4d2a\" data-block-id=\"d6d4d2a\"><\/div>\n\n\n\n<figure class=\"wp-block-embed is-type-wp-embed is-provider-v-chovn-stav-st-edn-kola-a-koln-j-delna-vi-ov wp-block-embed-v-chovn-stav-st-edn-kola-a-koln-j-delna-vi-ov\"><div class=\"wp-block-embed__wrapper\">\n<blockquote class=\"wp-embedded-content\" data-secret=\"ZXBlNU7oqs\"><a href=\"https:\/\/www.vuvisnove.cz\/?page_id=2335\">Dokumenty &#8211; v\u00fdchovn\u00fd \u00fastav<\/a><\/blockquote><iframe class=\"wp-embedded-content\" sandbox=\"allow-scripts\" security=\"restricted\" style=\"position: absolute; clip: rect(1px, 1px, 1px, 1px);\" title=\"&#8222;Dokumenty &#8211; v\u00fdchovn\u00fd \u00fastav&#8220; &#8212; V\u00fdchovn\u00fd \u00fastav, st\u0159edn\u00ed \u0161kola a \u0161koln\u00ed j\u00eddelna Vi\u0161\u0148ov\u00e9\" src=\"https:\/\/www.vuvisnove.cz\/?page_id=2335&#038;embed=true#?secret=NoJLfto9Fr#?secret=ZXBlNU7oqs\" data-secret=\"ZXBlNU7oqs\" width=\"600\" height=\"338\" frameborder=\"0\" marginwidth=\"0\" marginheight=\"0\" scrolling=\"no\"><\/iframe>\n<\/div><\/figure>\n\n\n\n<figure class=\"wp-block-embed is-type-wp-embed is-provider-v-chovn-stav-st-edn-kola-a-koln-j-delna-vi-ov wp-block-embed-v-chovn-stav-st-edn-kola-a-koln-j-delna-vi-ov\"><div class=\"wp-block-embed__wrapper\">\n<blockquote class=\"wp-embedded-content\" data-secret=\"tJpdCqks8I\"><a href=\"https:\/\/www.vuvisnove.cz\/?page_id=1746\">Skupiny<\/a><\/blockquote><iframe class=\"wp-embedded-content\" sandbox=\"allow-scripts\" security=\"restricted\" style=\"position: absolute; clip: rect(1px, 1px, 1px, 1px);\" title=\"&#8222;Skupiny&#8220; &#8212; V\u00fdchovn\u00fd \u00fastav, st\u0159edn\u00ed \u0161kola a \u0161koln\u00ed j\u00eddelna Vi\u0161\u0148ov\u00e9\" src=\"https:\/\/www.vuvisnove.cz\/?page_id=1746&#038;embed=true#?secret=cwYFZsKHeI#?secret=tJpdCqks8I\" data-secret=\"tJpdCqks8I\" width=\"600\" height=\"338\" frameborder=\"0\" marginwidth=\"0\" marginheight=\"0\" scrolling=\"no\"><\/iframe>\n<\/div><\/figure>\n\n\n\n<div class=\"wp-block-stackable-spacer stk-block-spacer stk--no-padding stk-block stk-933e268\" data-block-id=\"933e268\"><\/div>\n","protected":false},"excerpt":{"rendered":"","protected":false},"author":1,"featured_media":3134,"parent":0,"menu_order":0,"comment_status":"closed","ping_status":"closed","template":"","meta":{"footnotes":""},"blocksy_meta":[],"featured_image_urls":{"full":["https:\/\/www.vuvisnove.cz\/wp-content\/uploads\/podzim-1.jpg",1500,564,false],"thumbnail":["https:\/\/www.vuvisnove.cz\/wp-content\/uploads\/podzim-1-150x150.jpg",150,150,true],"medium":["https:\/\/www.vuvisnove.cz\/wp-content\/uploads\/podzim-1-300x113.jpg",300,113,true],"medium_large":["https:\/\/www.vuvisnove.cz\/wp-content\/uploads\/podzim-1-768x289.jpg",768,289,true],"large":["https:\/\/www.vuvisnove.cz\/wp-content\/uploads\/podzim-1-1024x385.jpg",1024,385,true],"1536x1536":["https:\/\/www.vuvisnove.cz\/wp-content\/uploads\/podzim-1.jpg",1500,564,false],"2048x2048":["https:\/\/www.vuvisnove.cz\/wp-content\/uploads\/podzim-1.jpg",1500,564,false]},"post_excerpt_stackable":"<p>Dokumenty &#8211; v\u00fdchovn\u00fd \u00fastav Skupiny<\/p>\n","category_list":"","author_info":{"name":"admin","url":"https:\/\/www.vuvisnove.cz\/?author=1"},"comments_num":"0 comments","featured_image_urls_v2":{"full":["https:\/\/www.vuvisnove.cz\/wp-content\/uploads\/podzim-1.jpg",1500,564,false],"thumbnail":["https:\/\/www.vuvisnove.cz\/wp-content\/uploads\/podzim-1-150x150.jpg",150,150,true],"medium":["https:\/\/www.vuvisnove.cz\/wp-content\/uploads\/podzim-1-300x113.jpg",300,113,true],"medium_large":["https:\/\/www.vuvisnove.cz\/wp-content\/uploads\/podzim-1-768x289.jpg",768,289,true],"large":["https:\/\/www.vuvisnove.cz\/wp-content\/uploads\/podzim-1-1024x385.jpg",1024,385,true],"1536x1536":["https:\/\/www.vuvisnove.cz\/wp-content\/uploads\/podzim-1.jpg",1500,564,false],"2048x2048":["https:\/\/www.vuvisnove.cz\/wp-content\/uploads\/podzim-1.jpg",1500,564,false]},"post_excerpt_stackable_v2":"<p>Dokumenty &#8211; v\u00fdchovn\u00fd \u00fastav Skupiny<\/p>\n","category_list_v2":"","author_info_v2":{"name":"admin","url":"https:\/\/www.vuvisnove.cz\/?author=1"},"comments_num_v2":"0 comments","_links":{"self":[{"href":"https:\/\/www.vuvisnove.cz\/index.php?rest_route=\/wp\/v2\/pages\/1645"}],"collection":[{"href":"https:\/\/www.vuvisnove.cz\/index.php?rest_route=\/wp\/v2\/pages"}],"about":[{"href":"https:\/\/www.vuvisnove.cz\/index.php?rest_route=\/wp\/v2\/types\/page"}],"author":[{"embeddable":true,"href":"https:\/\/www.vuvisnove.cz\/index.php?rest_route=\/wp\/v2\/users\/1"}],"replies":[{"embeddable":true,"href":"https:\/\/www.vuvisnove.cz\/index.php?rest_route=%2Fwp%2Fv2%2Fcomments&post=1645"}],"version-history":[{"count":6,"href":"https:\/\/www.vuvisnove.cz\/index.php?rest_route=\/wp\/v2\/pages\/1645\/revisions"}],"predecessor-version":[{"id":2498,"href":"https:\/\/www.vuvisnove.cz\/index.php?rest_route=\/wp\/v2\/pages\/1645\/revisions\/2498"}],"wp:featuredmedia":[{"embeddable":true,"href":"https:\/\/www.vuvisnove.cz\/index.php?rest_route=\/wp\/v2\/media\/3134"}],"wp:attachment":[{"href":"https:\/\/www.vuvisnove.cz\/index.php?rest_route=%2Fwp%2Fv2%2Fmedia&parent=1645"}],"curies":[{"name":"wp","href":"https:\/\/api.w.org\/{rel}","templated":true}]}}