{"id":1725,"date":"2023-11-09T07:23:05","date_gmt":"2023-11-09T06:23:05","guid":{"rendered":"https:\/\/novy.vuvisnove.cz\/?page_id=1725"},"modified":"2024-01-17T11:00:12","modified_gmt":"2024-01-17T10:00:12","slug":"stredni-skola","status":"publish","type":"page","link":"https:\/\/www.vuvisnove.cz\/?page_id=1725","title":{"rendered":"St\u0159edn\u00ed \u0161kola"},"content":{"rendered":"\n<div class=\"wp-block-stackable-spacer stk-block-spacer stk--no-padding stk-block stk-d04593f\" data-block-id=\"d04593f\"><\/div>\n\n\n\n<figure class=\"wp-block-embed is-type-wp-embed is-provider-v-chovn-stav-st-edn-kola-a-koln-j-delna-vi-ov wp-block-embed-v-chovn-stav-st-edn-kola-a-koln-j-delna-vi-ov\"><div class=\"wp-block-embed__wrapper\">\n<blockquote class=\"wp-embedded-content\" data-secret=\"HNaP9rfI8h\"><a href=\"https:\/\/www.vuvisnove.cz\/?page_id=2300\">Dokumenty &#8211; st\u0159edn\u00ed \u0161kola<\/a><\/blockquote><iframe class=\"wp-embedded-content\" sandbox=\"allow-scripts\" security=\"restricted\" style=\"position: absolute; clip: rect(1px, 1px, 1px, 1px);\" title=\"&#8222;Dokumenty &#8211; st\u0159edn\u00ed \u0161kola&#8220; &#8212; V\u00fdchovn\u00fd \u00fastav, st\u0159edn\u00ed \u0161kola a \u0161koln\u00ed j\u00eddelna Vi\u0161\u0148ov\u00e9\" src=\"https:\/\/www.vuvisnove.cz\/?page_id=2300&#038;embed=true#?secret=nrqWt9oG8m#?secret=HNaP9rfI8h\" data-secret=\"HNaP9rfI8h\" width=\"600\" height=\"338\" frameborder=\"0\" marginwidth=\"0\" marginheight=\"0\" scrolling=\"no\"><\/iframe>\n<\/div><\/figure>\n\n\n\n<figure class=\"wp-block-embed is-type-wp-embed is-provider-v-chovn-stav-st-edn-kola-a-koln-j-delna-vi-ov wp-block-embed-v-chovn-stav-st-edn-kola-a-koln-j-delna-vi-ov\"><div class=\"wp-block-embed__wrapper\">\n<blockquote class=\"wp-embedded-content\" data-secret=\"XckdXcfFaQ\"><a href=\"https:\/\/www.vuvisnove.cz\/?page_id=2305\">P\u0159ij\u00edmac\u00ed \u0159\u00edzen\u00ed<\/a><\/blockquote><iframe class=\"wp-embedded-content\" sandbox=\"allow-scripts\" security=\"restricted\" style=\"position: absolute; clip: rect(1px, 1px, 1px, 1px);\" title=\"&#8222;P\u0159ij\u00edmac\u00ed \u0159\u00edzen\u00ed&#8220; &#8212; V\u00fdchovn\u00fd \u00fastav, st\u0159edn\u00ed \u0161kola a \u0161koln\u00ed j\u00eddelna Vi\u0161\u0148ov\u00e9\" src=\"https:\/\/www.vuvisnove.cz\/?page_id=2305&#038;embed=true#?secret=vSYu7ixm8D#?secret=XckdXcfFaQ\" data-secret=\"XckdXcfFaQ\" width=\"600\" height=\"338\" frameborder=\"0\" marginwidth=\"0\" marginheight=\"0\" scrolling=\"no\"><\/iframe>\n<\/div><\/figure>\n\n\n\n<figure class=\"wp-block-embed is-type-wp-embed is-provider-v-chovn-stav-st-edn-kola-a-koln-j-delna-vi-ov wp-block-embed-v-chovn-stav-st-edn-kola-a-koln-j-delna-vi-ov\"><div class=\"wp-block-embed__wrapper\">\n<blockquote class=\"wp-embedded-content\" data-secret=\"35ucQSvhVs\"><a href=\"https:\/\/www.vuvisnove.cz\/?page_id=2309\">Nab\u00eddka obor\u016f<\/a><\/blockquote><iframe class=\"wp-embedded-content\" sandbox=\"allow-scripts\" security=\"restricted\" style=\"position: absolute; clip: rect(1px, 1px, 1px, 1px);\" title=\"&#8222;Nab\u00eddka obor\u016f&#8220; &#8212; V\u00fdchovn\u00fd \u00fastav, st\u0159edn\u00ed \u0161kola a \u0161koln\u00ed j\u00eddelna Vi\u0161\u0148ov\u00e9\" src=\"https:\/\/www.vuvisnove.cz\/?page_id=2309&#038;embed=true#?secret=KTPPT0fweO#?secret=35ucQSvhVs\" data-secret=\"35ucQSvhVs\" width=\"600\" height=\"338\" frameborder=\"0\" marginwidth=\"0\" marginheight=\"0\" scrolling=\"no\"><\/iframe>\n<\/div><\/figure>\n\n\n\n<figure class=\"wp-block-embed is-type-wp-embed is-provider-v-chovn-stav-st-edn-kola-a-koln-j-delna-vi-ov wp-block-embed-v-chovn-stav-st-edn-kola-a-koln-j-delna-vi-ov\"><div class=\"wp-block-embed__wrapper\">\n<blockquote class=\"wp-embedded-content\" data-secret=\"0YcOHXBO55\"><a href=\"https:\/\/www.vuvisnove.cz\/?page_id=2312\">U\u010debn\u00ed materi\u00e1ly<\/a><\/blockquote><iframe class=\"wp-embedded-content\" sandbox=\"allow-scripts\" security=\"restricted\" style=\"position: absolute; clip: rect(1px, 1px, 1px, 1px);\" title=\"&#8222;U\u010debn\u00ed materi\u00e1ly&#8220; &#8212; V\u00fdchovn\u00fd \u00fastav, st\u0159edn\u00ed \u0161kola a \u0161koln\u00ed j\u00eddelna Vi\u0161\u0148ov\u00e9\" src=\"https:\/\/www.vuvisnove.cz\/?page_id=2312&#038;embed=true#?secret=pofW1FLZuh#?secret=0YcOHXBO55\" data-secret=\"0YcOHXBO55\" width=\"600\" height=\"338\" frameborder=\"0\" marginwidth=\"0\" marginheight=\"0\" scrolling=\"no\"><\/iframe>\n<\/div><\/figure>\n\n\n\n<div class=\"wp-block-stackable-spacer stk-block-spacer stk--no-padding stk-block stk-0818aa1\" data-block-id=\"0818aa1\"><\/div>\n","protected":false},"excerpt":{"rendered":"","protected":false},"author":1,"featured_media":1759,"parent":0,"menu_order":0,"comment_status":"closed","ping_status":"closed","template":"","meta":{"footnotes":""},"blocksy_meta":[],"featured_image_urls":{"full":["https:\/\/www.vuvisnove.cz\/wp-content\/uploads\/2023\/11\/P5146005.jpg",1500,1125,false],"thumbnail":["https:\/\/www.vuvisnove.cz\/wp-content\/uploads\/2023\/11\/P5146005-150x150.jpg",150,150,true],"medium":["https:\/\/www.vuvisnove.cz\/wp-content\/uploads\/2023\/11\/P5146005-300x225.jpg",300,225,true],"medium_large":["https:\/\/www.vuvisnove.cz\/wp-content\/uploads\/2023\/11\/P5146005-768x576.jpg",768,576,true],"large":["https:\/\/www.vuvisnove.cz\/wp-content\/uploads\/2023\/11\/P5146005-1024x768.jpg",1024,768,true],"1536x1536":["https:\/\/www.vuvisnove.cz\/wp-content\/uploads\/2023\/11\/P5146005.jpg",1500,1125,false],"2048x2048":["https:\/\/www.vuvisnove.cz\/wp-content\/uploads\/2023\/11\/P5146005.jpg",1500,1125,false]},"post_excerpt_stackable":"<p>Dokumenty &#8211; st\u0159edn\u00ed \u0161kola P\u0159ij\u00edmac\u00ed \u0159\u00edzen\u00ed Nab\u00eddka obor\u016f U\u010debn\u00ed materi\u00e1ly<\/p>\n","category_list":"","author_info":{"name":"admin","url":"https:\/\/www.vuvisnove.cz\/?author=1"},"comments_num":"0 comments","featured_image_urls_v2":{"full":["https:\/\/www.vuvisnove.cz\/wp-content\/uploads\/2023\/11\/P5146005.jpg",1500,1125,false],"thumbnail":["https:\/\/www.vuvisnove.cz\/wp-content\/uploads\/2023\/11\/P5146005-150x150.jpg",150,150,true],"medium":["https:\/\/www.vuvisnove.cz\/wp-content\/uploads\/2023\/11\/P5146005-300x225.jpg",300,225,true],"medium_large":["https:\/\/www.vuvisnove.cz\/wp-content\/uploads\/2023\/11\/P5146005-768x576.jpg",768,576,true],"large":["https:\/\/www.vuvisnove.cz\/wp-content\/uploads\/2023\/11\/P5146005-1024x768.jpg",1024,768,true],"1536x1536":["https:\/\/www.vuvisnove.cz\/wp-content\/uploads\/2023\/11\/P5146005.jpg",1500,1125,false],"2048x2048":["https:\/\/www.vuvisnove.cz\/wp-content\/uploads\/2023\/11\/P5146005.jpg",1500,1125,false]},"post_excerpt_stackable_v2":"<p>Dokumenty &#8211; st\u0159edn\u00ed \u0161kola P\u0159ij\u00edmac\u00ed \u0159\u00edzen\u00ed Nab\u00eddka obor\u016f U\u010debn\u00ed materi\u00e1ly<\/p>\n","category_list_v2":"","author_info_v2":{"name":"admin","url":"https:\/\/www.vuvisnove.cz\/?author=1"},"comments_num_v2":"0 comments","_links":{"self":[{"href":"https:\/\/www.vuvisnove.cz\/index.php?rest_route=\/wp\/v2\/pages\/1725"}],"collection":[{"href":"https:\/\/www.vuvisnove.cz\/index.php?rest_route=\/wp\/v2\/pages"}],"about":[{"href":"https:\/\/www.vuvisnove.cz\/index.php?rest_route=\/wp\/v2\/types\/page"}],"author":[{"embeddable":true,"href":"https:\/\/www.vuvisnove.cz\/index.php?rest_route=\/wp\/v2\/users\/1"}],"replies":[{"embeddable":true,"href":"https:\/\/www.vuvisnove.cz\/index.php?rest_route=%2Fwp%2Fv2%2Fcomments&post=1725"}],"version-history":[{"count":14,"href":"https:\/\/www.vuvisnove.cz\/index.php?rest_route=\/wp\/v2\/pages\/1725\/revisions"}],"predecessor-version":[{"id":2492,"href":"https:\/\/www.vuvisnove.cz\/index.php?rest_route=\/wp\/v2\/pages\/1725\/revisions\/2492"}],"wp:featuredmedia":[{"embeddable":true,"href":"https:\/\/www.vuvisnove.cz\/index.php?rest_route=\/wp\/v2\/media\/1759"}],"wp:attachment":[{"href":"https:\/\/www.vuvisnove.cz\/index.php?rest_route=%2Fwp%2Fv2%2Fmedia&parent=1725"}],"curies":[{"name":"wp","href":"https:\/\/api.w.org\/{rel}","templated":true}]}}