{"id":1827,"date":"2023-11-27T10:11:07","date_gmt":"2023-11-27T09:11:07","guid":{"rendered":"https:\/\/novy.vuvisnove.cz\/?page_id=1827"},"modified":"2026-03-06T10:48:40","modified_gmt":"2026-03-06T09:48:40","slug":"uredni-deska","status":"publish","type":"page","link":"https:\/\/www.vuvisnove.cz\/?page_id=1827","title":{"rendered":"\u00da\u0159edn\u00ed deska"},"content":{"rendered":"\n<h2 class=\"wp-block-heading\"><span style=\"color: #cf2e2e;\" class=\"stk-highlight\">Z\u0159izovac\u00ed listina<\/span><\/h2>\n\n\n\n<div class=\"wp-block-file\"><a id=\"wp-block-file--media-c952ec5a-a240-4498-ad18-64b369e4eb35\"><br><\/a><a href=\"https:\/\/www.vuvisnove.cz\/wp-content\/uploads\/Opatreni-ke-zrizovaci-listine-VU-Visnove.pdf\" class=\"wp-block-file__button wp-element-button\" download aria-describedby=\"wp-block-file--media-c952ec5a-a240-4498-ad18-64b369e4eb35\">Z\u0159izovac\u00ed listina V\u00da Vi\u0161\u0148ov\u00e9<\/a><\/div>\n\n\n\n<div class=\"wp-block-file\"><a id=\"wp-block-file--media-782c62e0-481b-44ec-a221-81d6efa22a3c\"><br><\/a><a href=\"https:\/\/www.vuvisnove.cz\/wp-content\/uploads\/Priloha-Opatreni-ke-zrizovaci-listine-majetek-k-31.12.2023-cj_-28515_2023_2-VU-Visnove.pdf\" class=\"wp-block-file__button wp-element-button\" download aria-describedby=\"wp-block-file--media-782c62e0-481b-44ec-a221-81d6efa22a3c\">Opat\u0159en\u00ed ke z\u0159izovac\u00ed listin\u011b<\/a><\/div>\n\n\n\n<h2 class=\"wp-block-heading\"><span style=\"color: #0693e3;\" class=\"stk-highlight\">\u0160kolsk\u00e1 rada<\/span><\/h2>\n\n\n\n<div class=\"wp-block-file\"><a href=\"https:\/\/www.vuvisnove.cz\/wp-content\/uploads\/SKOLSKA-RADA.pdf\" class=\"wp-block-file__button wp-element-button\" download>\u0160KOLSK\u00c1 RADA<\/a><\/div>\n\n\n\n<p><\/p>\n","protected":false},"excerpt":{"rendered":"<p>Z\u0159izovac\u00ed listina \u0160kolsk\u00e1 rada<\/p>\n","protected":false},"author":1,"featured_media":3309,"parent":0,"menu_order":0,"comment_status":"closed","ping_status":"closed","template":"","meta":{"footnotes":""},"blocksy_meta":[],"featured_image_urls":{"full":["https:\/\/www.vuvisnove.cz\/wp-content\/uploads\/uredni-deska-2.jpg",1600,1068,false],"thumbnail":["https:\/\/www.vuvisnove.cz\/wp-content\/uploads\/uredni-deska-2-150x150.jpg",150,150,true],"medium":["https:\/\/www.vuvisnove.cz\/wp-content\/uploads\/uredni-deska-2-300x200.jpg",300,200,true],"medium_large":["https:\/\/www.vuvisnove.cz\/wp-content\/uploads\/uredni-deska-2-768x513.jpg",768,513,true],"large":["https:\/\/www.vuvisnove.cz\/wp-content\/uploads\/uredni-deska-2-1024x684.jpg",1024,684,true],"1536x1536":["https:\/\/www.vuvisnove.cz\/wp-content\/uploads\/uredni-deska-2-1536x1025.jpg",1536,1025,true],"2048x2048":["https:\/\/www.vuvisnove.cz\/wp-content\/uploads\/uredni-deska-2.jpg",1600,1068,false]},"post_excerpt_stackable":"<p>Z\u0159izovac\u00ed listina Z\u0159izovac\u00ed listina V\u00da Vi\u0161\u0148ov\u00e9 Opat\u0159en\u00ed ke z\u0159izovac\u00ed listin\u011b \u0160kolsk\u00e1 rada \u0160KOLSK\u00c1 RADA<\/p>\n","category_list":"","author_info":{"name":"admin","url":"https:\/\/www.vuvisnove.cz\/?author=1"},"comments_num":"0 comments","featured_image_urls_v2":{"full":["https:\/\/www.vuvisnove.cz\/wp-content\/uploads\/uredni-deska-2.jpg",1600,1068,false],"thumbnail":["https:\/\/www.vuvisnove.cz\/wp-content\/uploads\/uredni-deska-2-150x150.jpg",150,150,true],"medium":["https:\/\/www.vuvisnove.cz\/wp-content\/uploads\/uredni-deska-2-300x200.jpg",300,200,true],"medium_large":["https:\/\/www.vuvisnove.cz\/wp-content\/uploads\/uredni-deska-2-768x513.jpg",768,513,true],"large":["https:\/\/www.vuvisnove.cz\/wp-content\/uploads\/uredni-deska-2-1024x684.jpg",1024,684,true],"1536x1536":["https:\/\/www.vuvisnove.cz\/wp-content\/uploads\/uredni-deska-2-1536x1025.jpg",1536,1025,true],"2048x2048":["https:\/\/www.vuvisnove.cz\/wp-content\/uploads\/uredni-deska-2.jpg",1600,1068,false]},"post_excerpt_stackable_v2":"<p>Z\u0159izovac\u00ed listina Z\u0159izovac\u00ed listina V\u00da Vi\u0161\u0148ov\u00e9 Opat\u0159en\u00ed ke z\u0159izovac\u00ed listin\u011b \u0160kolsk\u00e1 rada \u0160KOLSK\u00c1 RADA<\/p>\n","category_list_v2":"","author_info_v2":{"name":"admin","url":"https:\/\/www.vuvisnove.cz\/?author=1"},"comments_num_v2":"0 comments","_links":{"self":[{"href":"https:\/\/www.vuvisnove.cz\/index.php?rest_route=\/wp\/v2\/pages\/1827"}],"collection":[{"href":"https:\/\/www.vuvisnove.cz\/index.php?rest_route=\/wp\/v2\/pages"}],"about":[{"href":"https:\/\/www.vuvisnove.cz\/index.php?rest_route=\/wp\/v2\/types\/page"}],"author":[{"embeddable":true,"href":"https:\/\/www.vuvisnove.cz\/index.php?rest_route=\/wp\/v2\/users\/1"}],"replies":[{"embeddable":true,"href":"https:\/\/www.vuvisnove.cz\/index.php?rest_route=%2Fwp%2Fv2%2Fcomments&post=1827"}],"version-history":[{"count":11,"href":"https:\/\/www.vuvisnove.cz\/index.php?rest_route=\/wp\/v2\/pages\/1827\/revisions"}],"predecessor-version":[{"id":3318,"href":"https:\/\/www.vuvisnove.cz\/index.php?rest_route=\/wp\/v2\/pages\/1827\/revisions\/3318"}],"wp:featuredmedia":[{"embeddable":true,"href":"https:\/\/www.vuvisnove.cz\/index.php?rest_route=\/wp\/v2\/media\/3309"}],"wp:attachment":[{"href":"https:\/\/www.vuvisnove.cz\/index.php?rest_route=%2Fwp%2Fv2%2Fmedia&parent=1827"}],"curies":[{"name":"wp","href":"https:\/\/api.w.org\/{rel}","templated":true}]}}