{"id":2276,"date":"2024-01-02T14:35:33","date_gmt":"2024-01-02T13:35:33","guid":{"rendered":"https:\/\/novy.vuvisnove.cz\/?page_id=2276"},"modified":"2025-12-15T08:46:22","modified_gmt":"2025-12-15T07:46:22","slug":"dokumenty-skolni-jidelny","status":"publish","type":"page","link":"https:\/\/www.vuvisnove.cz\/?page_id=2276","title":{"rendered":"Dokumenty &#8211; \u0161koln\u00ed j\u00eddelny"},"content":{"rendered":"\n<div class=\"wp-block-stackable-spacer stk-block-spacer stk--no-padding stk-block stk-3624c71\" data-block-id=\"3624c71\"><\/div>\n\n\n\n<div class=\"wp-block-file\"><a href=\"https:\/\/www.vuvisnove.cz\/wp-content\/uploads\/sanitacni-rad.pdf\" class=\"wp-block-file__button wp-element-button\" download>Sanita\u010dn\u00ed \u0159\u00e1d 2025<\/a><\/div>\n\n\n\n<div class=\"wp-block-file\"><a href=\"https:\/\/www.vuvisnove.cz\/wp-content\/uploads\/Vnitrni-rad-SJ-opraveny.docx\" class=\"wp-block-file__button wp-element-button\" download>VNIT\u0158N\u00cd \u0158\u00c1D \u0160KOLN\u00cd J\u00cdDELNY 2025<\/a><\/div>\n","protected":false},"excerpt":{"rendered":"","protected":false},"author":1,"featured_media":2388,"parent":0,"menu_order":0,"comment_status":"closed","ping_status":"closed","template":"","meta":{"footnotes":""},"blocksy_meta":[],"featured_image_urls":{"full":["https:\/\/www.vuvisnove.cz\/wp-content\/uploads\/normal_glowna_a00f41fc6a86378e1a8592f8584ca65b.jpg",719,315,false],"thumbnail":["https:\/\/www.vuvisnove.cz\/wp-content\/uploads\/normal_glowna_a00f41fc6a86378e1a8592f8584ca65b-150x150.jpg",150,150,true],"medium":["https:\/\/www.vuvisnove.cz\/wp-content\/uploads\/normal_glowna_a00f41fc6a86378e1a8592f8584ca65b-300x131.jpg",300,131,true],"medium_large":["https:\/\/www.vuvisnove.cz\/wp-content\/uploads\/normal_glowna_a00f41fc6a86378e1a8592f8584ca65b.jpg",719,315,false],"large":["https:\/\/www.vuvisnove.cz\/wp-content\/uploads\/normal_glowna_a00f41fc6a86378e1a8592f8584ca65b.jpg",719,315,false],"1536x1536":["https:\/\/www.vuvisnove.cz\/wp-content\/uploads\/normal_glowna_a00f41fc6a86378e1a8592f8584ca65b.jpg",719,315,false],"2048x2048":["https:\/\/www.vuvisnove.cz\/wp-content\/uploads\/normal_glowna_a00f41fc6a86378e1a8592f8584ca65b.jpg",719,315,false]},"post_excerpt_stackable":"<p>Sanita\u010dn\u00ed \u0159\u00e1d 2025 VNIT\u0158N\u00cd \u0158\u00c1D \u0160KOLN\u00cd J\u00cdDELNY 2025<\/p>\n","category_list":"","author_info":{"name":"admin","url":"https:\/\/www.vuvisnove.cz\/?author=1"},"comments_num":"0 comments","featured_image_urls_v2":{"full":["https:\/\/www.vuvisnove.cz\/wp-content\/uploads\/normal_glowna_a00f41fc6a86378e1a8592f8584ca65b.jpg",719,315,false],"thumbnail":["https:\/\/www.vuvisnove.cz\/wp-content\/uploads\/normal_glowna_a00f41fc6a86378e1a8592f8584ca65b-150x150.jpg",150,150,true],"medium":["https:\/\/www.vuvisnove.cz\/wp-content\/uploads\/normal_glowna_a00f41fc6a86378e1a8592f8584ca65b-300x131.jpg",300,131,true],"medium_large":["https:\/\/www.vuvisnove.cz\/wp-content\/uploads\/normal_glowna_a00f41fc6a86378e1a8592f8584ca65b.jpg",719,315,false],"large":["https:\/\/www.vuvisnove.cz\/wp-content\/uploads\/normal_glowna_a00f41fc6a86378e1a8592f8584ca65b.jpg",719,315,false],"1536x1536":["https:\/\/www.vuvisnove.cz\/wp-content\/uploads\/normal_glowna_a00f41fc6a86378e1a8592f8584ca65b.jpg",719,315,false],"2048x2048":["https:\/\/www.vuvisnove.cz\/wp-content\/uploads\/normal_glowna_a00f41fc6a86378e1a8592f8584ca65b.jpg",719,315,false]},"post_excerpt_stackable_v2":"<p>Sanita\u010dn\u00ed \u0159\u00e1d 2025 VNIT\u0158N\u00cd \u0158\u00c1D \u0160KOLN\u00cd J\u00cdDELNY 2025<\/p>\n","category_list_v2":"","author_info_v2":{"name":"admin","url":"https:\/\/www.vuvisnove.cz\/?author=1"},"comments_num_v2":"0 comments","_links":{"self":[{"href":"https:\/\/www.vuvisnove.cz\/index.php?rest_route=\/wp\/v2\/pages\/2276"}],"collection":[{"href":"https:\/\/www.vuvisnove.cz\/index.php?rest_route=\/wp\/v2\/pages"}],"about":[{"href":"https:\/\/www.vuvisnove.cz\/index.php?rest_route=\/wp\/v2\/types\/page"}],"author":[{"embeddable":true,"href":"https:\/\/www.vuvisnove.cz\/index.php?rest_route=\/wp\/v2\/users\/1"}],"replies":[{"embeddable":true,"href":"https:\/\/www.vuvisnove.cz\/index.php?rest_route=%2Fwp%2Fv2%2Fcomments&post=2276"}],"version-history":[{"count":6,"href":"https:\/\/www.vuvisnove.cz\/index.php?rest_route=\/wp\/v2\/pages\/2276\/revisions"}],"predecessor-version":[{"id":3241,"href":"https:\/\/www.vuvisnove.cz\/index.php?rest_route=\/wp\/v2\/pages\/2276\/revisions\/3241"}],"wp:featuredmedia":[{"embeddable":true,"href":"https:\/\/www.vuvisnove.cz\/index.php?rest_route=\/wp\/v2\/media\/2388"}],"wp:attachment":[{"href":"https:\/\/www.vuvisnove.cz\/index.php?rest_route=%2Fwp%2Fv2%2Fmedia&parent=2276"}],"curies":[{"name":"wp","href":"https:\/\/api.w.org\/{rel}","templated":true}]}}