{"id":2300,"date":"2024-01-10T13:19:16","date_gmt":"2024-01-10T12:19:16","guid":{"rendered":"https:\/\/novy.vuvisnove.cz\/?page_id=2300"},"modified":"2025-12-15T08:45:18","modified_gmt":"2025-12-15T07:45:18","slug":"dokumenty-stredni-skola","status":"publish","type":"page","link":"https:\/\/www.vuvisnove.cz\/?page_id=2300","title":{"rendered":"Dokumenty &#8211; st\u0159edn\u00ed \u0161kola"},"content":{"rendered":"\n<div class=\"wp-block-stackable-spacer stk-block-spacer stk--no-padding stk-block stk-f91e25b\" data-block-id=\"f91e25b\"><style>.stk-f91e25b{height:50px !important}<\/style><\/div>\n\n\n\n<div class=\"wp-block-file\"><a href=\"https:\/\/www.vuvisnove.cz\/wp-content\/uploads\/SVP-Prace-ve-stravovani-65-51-E-02-2025.pdf\" class=\"wp-block-file__button wp-element-button\" download>\u0160VP- Pr\u00e1ce ve stravov\u00e1n\u00ed 65-51-E\/02 (2025)<\/a><\/div>\n\n\n\n<div class=\"wp-block-file\"><a href=\"https:\/\/www.vuvisnove.cz\/wp-content\/uploads\/SVP-Stavebni-prace-36-67-E02-2025.pdf\" class=\"wp-block-file__button wp-element-button\" download>\u0160VP- Stavebn\u00ed pr\u00e1ce 36-67-E\/02 (2025)<\/a><\/div>\n\n\n\n<div class=\"wp-block-file\"><a href=\"https:\/\/www.vuvisnove.cz\/wp-content\/uploads\/SVP-Zahradnicka-vyroba-41-52-E-02-2025.pdf\" class=\"wp-block-file__button wp-element-button\" download>\u0160VP- Zahradnick\u00e1 v\u00fdroba 41-52-E\/02 (2025)<\/a><\/div>\n\n\n\n<div class=\"wp-block-file\"><a href=\"https:\/\/www.vuvisnove.cz\/wp-content\/uploads\/1.harmonogram-skolniho-roku-2025-2026.pdf\" class=\"wp-block-file__button wp-element-button\" download>Harmonogram \u0161koln\u00edho roku 2025\/2026 <\/a><\/div>\n\n\n\n<div class=\"wp-block-file\"><a href=\"https:\/\/www.vuvisnove.cz\/wp-content\/uploads\/SKOLNI-RAD-2025.docx\" class=\"wp-block-file__button wp-element-button\" download>\u0160KOLN\u00cd \u0158\u00c1D 2025<\/a><\/div>\n","protected":false},"excerpt":{"rendered":"","protected":false},"author":1,"featured_media":2388,"parent":0,"menu_order":0,"comment_status":"closed","ping_status":"closed","template":"","meta":{"footnotes":""},"blocksy_meta":[],"featured_image_urls":{"full":["https:\/\/www.vuvisnove.cz\/wp-content\/uploads\/normal_glowna_a00f41fc6a86378e1a8592f8584ca65b.jpg",719,315,false],"thumbnail":["https:\/\/www.vuvisnove.cz\/wp-content\/uploads\/normal_glowna_a00f41fc6a86378e1a8592f8584ca65b-150x150.jpg",150,150,true],"medium":["https:\/\/www.vuvisnove.cz\/wp-content\/uploads\/normal_glowna_a00f41fc6a86378e1a8592f8584ca65b-300x131.jpg",300,131,true],"medium_large":["https:\/\/www.vuvisnove.cz\/wp-content\/uploads\/normal_glowna_a00f41fc6a86378e1a8592f8584ca65b.jpg",719,315,false],"large":["https:\/\/www.vuvisnove.cz\/wp-content\/uploads\/normal_glowna_a00f41fc6a86378e1a8592f8584ca65b.jpg",719,315,false],"1536x1536":["https:\/\/www.vuvisnove.cz\/wp-content\/uploads\/normal_glowna_a00f41fc6a86378e1a8592f8584ca65b.jpg",719,315,false],"2048x2048":["https:\/\/www.vuvisnove.cz\/wp-content\/uploads\/normal_glowna_a00f41fc6a86378e1a8592f8584ca65b.jpg",719,315,false]},"post_excerpt_stackable":"<p>\u0160VP- Pr\u00e1ce ve stravov\u00e1n\u00ed 65-51-E\/02 (2025) \u0160VP- Stavebn\u00ed pr\u00e1ce 36-67-E\/02 (2025) \u0160VP- Zahradnick\u00e1 v\u00fdroba 41-52-E\/02 (2025) Harmonogram \u0161koln\u00edho roku 2025\/2026 \u0160KOLN\u00cd \u0158\u00c1D 2025<\/p>\n","category_list":"","author_info":{"name":"admin","url":"https:\/\/www.vuvisnove.cz\/?author=1"},"comments_num":"0 comments","featured_image_urls_v2":{"full":["https:\/\/www.vuvisnove.cz\/wp-content\/uploads\/normal_glowna_a00f41fc6a86378e1a8592f8584ca65b.jpg",719,315,false],"thumbnail":["https:\/\/www.vuvisnove.cz\/wp-content\/uploads\/normal_glowna_a00f41fc6a86378e1a8592f8584ca65b-150x150.jpg",150,150,true],"medium":["https:\/\/www.vuvisnove.cz\/wp-content\/uploads\/normal_glowna_a00f41fc6a86378e1a8592f8584ca65b-300x131.jpg",300,131,true],"medium_large":["https:\/\/www.vuvisnove.cz\/wp-content\/uploads\/normal_glowna_a00f41fc6a86378e1a8592f8584ca65b.jpg",719,315,false],"large":["https:\/\/www.vuvisnove.cz\/wp-content\/uploads\/normal_glowna_a00f41fc6a86378e1a8592f8584ca65b.jpg",719,315,false],"1536x1536":["https:\/\/www.vuvisnove.cz\/wp-content\/uploads\/normal_glowna_a00f41fc6a86378e1a8592f8584ca65b.jpg",719,315,false],"2048x2048":["https:\/\/www.vuvisnove.cz\/wp-content\/uploads\/normal_glowna_a00f41fc6a86378e1a8592f8584ca65b.jpg",719,315,false]},"post_excerpt_stackable_v2":"<p>\u0160VP- Pr\u00e1ce ve stravov\u00e1n\u00ed 65-51-E\/02 (2025) \u0160VP- Stavebn\u00ed pr\u00e1ce 36-67-E\/02 (2025) \u0160VP- Zahradnick\u00e1 v\u00fdroba 41-52-E\/02 (2025) Harmonogram \u0161koln\u00edho roku 2025\/2026 \u0160KOLN\u00cd \u0158\u00c1D 2025<\/p>\n","category_list_v2":"","author_info_v2":{"name":"admin","url":"https:\/\/www.vuvisnove.cz\/?author=1"},"comments_num_v2":"0 comments","_links":{"self":[{"href":"https:\/\/www.vuvisnove.cz\/index.php?rest_route=\/wp\/v2\/pages\/2300"}],"collection":[{"href":"https:\/\/www.vuvisnove.cz\/index.php?rest_route=\/wp\/v2\/pages"}],"about":[{"href":"https:\/\/www.vuvisnove.cz\/index.php?rest_route=\/wp\/v2\/types\/page"}],"author":[{"embeddable":true,"href":"https:\/\/www.vuvisnove.cz\/index.php?rest_route=\/wp\/v2\/users\/1"}],"replies":[{"embeddable":true,"href":"https:\/\/www.vuvisnove.cz\/index.php?rest_route=%2Fwp%2Fv2%2Fcomments&post=2300"}],"version-history":[{"count":24,"href":"https:\/\/www.vuvisnove.cz\/index.php?rest_route=\/wp\/v2\/pages\/2300\/revisions"}],"predecessor-version":[{"id":3239,"href":"https:\/\/www.vuvisnove.cz\/index.php?rest_route=\/wp\/v2\/pages\/2300\/revisions\/3239"}],"wp:featuredmedia":[{"embeddable":true,"href":"https:\/\/www.vuvisnove.cz\/index.php?rest_route=\/wp\/v2\/media\/2388"}],"wp:attachment":[{"href":"https:\/\/www.vuvisnove.cz\/index.php?rest_route=%2Fwp%2Fv2%2Fmedia&parent=2300"}],"curies":[{"name":"wp","href":"https:\/\/api.w.org\/{rel}","templated":true}]}}