{"id":2305,"date":"2024-01-10T13:20:25","date_gmt":"2024-01-10T12:20:25","guid":{"rendered":"https:\/\/novy.vuvisnove.cz\/?page_id=2305"},"modified":"2026-01-28T12:41:05","modified_gmt":"2026-01-28T11:41:05","slug":"prijimaci-rizeni","status":"publish","type":"page","link":"https:\/\/www.vuvisnove.cz\/?page_id=2305","title":{"rendered":"P\u0159ij\u00edmac\u00ed \u0159\u00edzen\u00ed"},"content":{"rendered":"\n<div class=\"wp-block-stackable-spacer stk-block-spacer stk--no-padding stk-block stk-bd6e9fa\" data-block-id=\"bd6e9fa\"><style>.stk-bd6e9fa{height:50px !important}<\/style><\/div>\n\n\n\n<p class=\"has-large-font-size\">\u00dadaje o p\u0159ij\u00edmac\u00edm \u0159\u00edzen\u00ed na St\u0159edn\u00ed \u0161kolu Vi\u0161\u0148ov\u00e9, Z\u00e1mek 1<\/p>\n\n\n\n<p class=\"has-medium-font-size\"> Obory jsou ur\u010deny pro \u017e\u00e1ky s ukon\u010den\u00fdm z\u00e1kladn\u00edm vzd\u011bl\u00e1n\u00edm, kter\u00fdm byla na\u0159\u00edzena soudem \u00fastavn\u00ed nebo ochrann\u00e1 v\u00fdchova v na\u0161em z\u0159\u00edzen\u00ed. P\u0159ij\u00edmac\u00ed zkou\u0161ka (jednotn\u00e1 zkou\u0161ka ani \u0161koln\u00ed p\u0159ij\u00edmac\u00ed zkou\u0161ka) se nekon\u00e1. Ke vzd\u011bl\u00e1v\u00e1n\u00ed v ka\u017ed\u00e9m oboru m\u016f\u017ee b\u00fdt p\u0159ijato maxim\u00e1ln\u011b 8 \u017e\u00e1k\u016f. Nezbytn\u00fdmi p\u0159edpoklady, za kter\u00fdch se m\u016f\u017ee uchaze\u010d st\u00e1t \u017e\u00e1kem S\u0160, jsou zejm\u00e9na:<\/p>\n\n\n\n<p class=\"has-medium-font-size\">Odevzd\u00e1n\u00ed p\u0159ihl\u00e1\u0161ky- \u0159\u00e1dn\u011b vypln\u011bn\u00e1<\/p>\n\n\n\n<p class=\"has-medium-font-size\">Spln\u011bn\u00ed podm\u00ednek zdravotn\u00ed zp\u016fsobilosti uchaze\u010d\u016f o studium dan\u00e9ho oboru vzd\u011bl\u00e1n\u00ed. Podm\u00ednky zdravotn\u00ed zp\u016fsobilosti jsou stanoveny v na\u0159\u00edzen\u00ed vl\u00e1dy \u010d. 211\/2010 Sb., o soustav\u011b obor\u016f vzd\u011bl\u00e1n\u00ed v z\u00e1kladn\u00edm, st\u0159edn\u00edm a vy\u0161\u0161\u00edm odborn\u00e9m vzd\u011bl\u00e1v\u00e1n\u00ed, ve zn\u011bn\u00ed pozd\u011bj\u0161\u00edch p\u0159edpis\u016f.<\/p>\n\n\n\n<p class=\"has-medium-font-size\">Dolo\u017een\u00ed spln\u011bn\u00e9 povinn\u00e9 \u0161koln\u00ed doch\u00e1zky nebo \u00fasp\u011b\u0161n\u011b ukon\u010den\u00e9ho z\u00e1kl.vzd\u011bl\u00e1n\u00ed (potvrd\u00ed Z\u0160, kterou \u017e\u00e1k nav\u0161t\u011bvuje)<\/p>\n\n\n\n<p class=\"has-medium-font-size\">Doporu\u010den\u00ed \u0161kolsk\u00e9ho poradensk\u00e9ho za\u0159\u00edzen\u00ed (je-li u \u017e\u00e1k\u016f vy\u017eadov\u00e1na \u00faprava podm\u00ednek vzd\u011bl\u00e1v\u00e1n\u00ed) <\/p>\n\n\n\n<p class=\"has-medium-font-size\"><\/p>\n\n\n\n<p class=\"has-medium-font-size\">O p\u0159ijet\u00ed \u010di nep\u0159ijet\u00ed ke vzd\u011bl\u00e1v\u00e1n\u00ed rozhoduje \u0159editel za\u0159\u00edzen\u00ed. V\u00fdsledky p\u0159ij\u00edmac\u00edho \u0159\u00edzen\u00ed jsou zve\u0159ejn\u011bny pod registra\u010dn\u00edm \u010d\u00edslem na ve\u0159ejn\u011b p\u0159\u00edstupn\u00e9m m\u00edst\u011b \u0161koly a na www str\u00e1nk\u00e1ch \u0161koly. <\/p>\n\n\n\n<p class=\"has-medium-font-size\">Pod\u00e1n\u00ed p\u0159ihl\u00e1\u0161ky<br>Nejzaz\u0161\u00ed term\u00edn pro odesl\u00e1n\u00ed p\u0159ihl\u00e1\u0161ek uchaze\u010dem je 20. \u00fanora.<\/p>\n\n\n\n<p class=\"has-medium-font-size\">Elektronickou p\u0159ihl\u00e1\u0161ku<br>P\u0159ihl\u00e1\u0161ka se pod\u00e1v\u00e1 dv\u011bma zp\u016fsoby:<br>a) elektronicky prost\u0159ednictv\u00edm DIPSY &#8211; na z\u00e1klad\u011b prok\u00e1z\u00e1n\u00ed toto\u017enosti s vyu\u017eit\u00edm prost\u0159edku pro elektronickou identifikaci (eOb\u010danka, bankovn\u00ed identita, datov\u00e1 schr\u00e1nka apod.),<br>b) na tiskopisu- kter\u00fd stanov\u00ed ministerstvo a zve\u0159ejn\u00ed jej zp\u016fsobem umo\u017e\u0148uj\u00edc\u00edm d\u00e1lkov\u00fd p\u0159\u00edstup (v\u010detn\u011b p\u0159\u00edloh v listinn\u00e9 podob\u011b).<br>P\u0159ihl\u00e1\u0161ka pod\u00e1na tiskopisem nebo v\u00fdpisem m\u016f\u017ee b\u00fdt doru\u010dena i datovou schr\u00e1nkou nebo jin\u00fdm obecn\u00fdm zp\u016fsobem podle spr\u00e1vn\u00edho \u0159\u00e1du.<br>P\u0159ihl\u00e1\u0161ku pod\u00e1v\u00e1 za nezletil\u00e9ho uchaze\u010de jeho z\u00e1konn\u00fd z\u00e1stupce; u uchaze\u010d\u016f s na\u0159\u00edzenou \u00fastavn\u00ed v\u00fdchovou nebo ulo\u017eenou ochrannou v\u00fdchovou m\u016f\u017ee v nezbytn\u00fdch p\u0159\u00edpadech podat p\u0159ihl\u00e1\u0161ku \u0159editel p\u0159\u00edslu\u0161n\u00e9ho \u0161kolsk\u00e9ho za\u0159\u00edzen\u00ed, p\u0159i\u010dem\u017e o pod\u00e1n\u00ed p\u0159ihl\u00e1\u0161ky bezodkladn\u011b informuje z\u00e1konn\u00e9ho z\u00e1stupce uchaze\u010de. Sou\u010d\u00e1st\u00ed p\u0159ihl\u00e1\u0161ky je pak \u010destn\u00e9 prohl\u00e1\u0161en\u00ed pod\u00e1vaj\u00edc\u00ed osoby, \u017ee nezletil\u00fd uchaze\u010d souhlas\u00ed s jej\u00edm pod\u00e1n\u00edm a obsahem. Podpis nezletil\u00e9ho ji\u017e tedy nen\u00ed sou\u010d\u00e1st\u00ed p\u0159ihl\u00e1\u0161ky.<br>Uchaze\u010d m\u016f\u017ee podat nejv\u00fd\u0161e dv\u011b p\u0159ihl\u00e1\u0161ky pro obor vzd\u011bl\u00e1n\u00ed s talentovou zkou\u0161kou a nejv\u00fd\u0161e t\u0159i p\u0159ihl\u00e1\u0161ky pro ostatn\u00ed obory vzd\u011bl\u00e1n\u00ed. Maxim\u00e1ln\u011b mo\u017en\u00fd po\u010det podan\u00fdch p\u0159ihl\u00e1\u0161ek m\u016f\u017ee b\u00fdt tedy p\u011bt.<br>P\u0159\u00edlohami p\u0159ihl\u00e1\u0161ky jsou:<br>1)<br>l\u00e9ka\u0159sk\u00fd posudek o zdravotn\u00ed zp\u016fsobilosti ke vzd\u011bl\u00e1v\u00e1n\u00ed, je-li podle na\u0159\u00edzen\u00ed vl\u00e1dy \u010d. 211\/2010 Sb. pot\u0159eba \u2013 z posudku mus\u00ed b\u00fdt z\u0159ejm\u00e9 identifika\u010dn\u00ed \u00fadaje uchaze\u010de, obor vzd\u011bl\u00e1n\u00ed, pro kter\u00fd je vyd\u00e1v\u00e1n, vyj\u00e1d\u0159en\u00ed o zdravotn\u00ed zp\u016fsobilosti, datum vyd\u00e1n\u00ed posudku a identifika\u010dn\u00ed \u00fadaje vyd\u00e1vaj\u00edc\u00edho l\u00e9ka\u0159e (je mo\u017en\u00e9 pou\u017e\u00edt formul\u00e1\u0159 M\u0160MT)<br>2)<br>doporu\u010den\u00ed \u0161kolsk\u00e9ho poradensk\u00e9ho za\u0159\u00edzen\u00ed<br>3)<br>hodnocen\u00ed na vysv\u011bd\u010den\u00edch z p\u0159edchoz\u00edho vzd\u011bl\u00e1v\u00e1n\u00ed (je mo\u017en\u00e9 pou\u017e\u00edt formul\u00e1\u0159 M\u0160MT), hodnot\u00ed-li \u0161kola slovn\u011b, p\u0159evede slovn\u00ed hodnocen\u00ed na zn\u00e1mky a pro \u00fa\u010dely p\u0159ij\u00edmac\u00edho \u0159\u00edzen\u00ed vyd\u00e1 dokument obdobn\u00fd v\u00fdpisu z vysv\u011bd\u010den\u00ed (je mo\u017en\u00e9 pou\u017e\u00edt formul\u00e1\u0159 M\u0160MT)<br>4)<br>doklad o spln\u011bn\u00ed povinn\u00e9 \u0161koln\u00ed doch\u00e1zky nebo o z\u00edsk\u00e1n\u00ed stupn\u011b z\u00e1kladn\u00edho vzd\u011bl\u00e1n\u00ed,<br>(viz. Metodick\u00fd materi\u00e1l k p\u0159ij\u00edmac\u00edmu \u0159\u00edzen\u00ed do st\u0159edn\u00edho vzd\u011bl\u00e1v\u00e1n\u00ed a vzd\u011bl\u00e1v\u00e1n\u00ed v konzervato\u0159i od 1.ledna 2024)<br><a href=\"https:\/\/www.msmt.cz\/file\/61873\/\">Metodika_p\u0159ij\u00edmac\u00ed \u0159\u00edzen\u00ed_od 1.1.2024_final k 17.1.2024.pdf, M\u0160MT \u010cR (msmt.cz)<\/a><\/p>\n\n\n\n<div class=\"wp-block-stackable-spacer stk-block-spacer stk--no-padding stk-block stk-33100ae\" data-block-id=\"33100ae\"><style>.stk-33100ae{height:50px !important}<\/style><\/div>\n\n\n\n<p><span style=\"color: #cf2e2e;\" class=\"stk-highlight\"><strong>V\u00fdsledky p\u0159ij\u00edmac\u00edho \u0159\u00edzen\u00ed \u0161k.rok 2026\/202<\/strong><\/span>7<\/p>\n","protected":false},"excerpt":{"rendered":"<p>\u00dadaje o p\u0159ij\u00edmac\u00edm \u0159\u00edzen\u00ed na St\u0159edn\u00ed \u0161kolu Vi\u0161\u0148ov\u00e9, Z\u00e1mek 1 Obory jsou ur\u010deny pro \u017e\u00e1ky s ukon\u010den\u00fdm z\u00e1kladn\u00edm vzd\u011bl\u00e1n\u00edm, kter\u00fdm byla na\u0159\u00edzena soudem \u00fastavn\u00ed nebo ochrann\u00e1 v\u00fdchova v na\u0161em z\u0159\u00edzen\u00ed. P\u0159ij\u00edmac\u00ed zkou\u0161ka (jednotn\u00e1 zkou\u0161ka ani \u0161koln\u00ed p\u0159ij\u00edmac\u00ed zkou\u0161ka) se nekon\u00e1. Ke vzd\u011bl\u00e1v\u00e1n\u00ed v ka\u017ed\u00e9m oboru m\u016f\u017ee b\u00fdt p\u0159ijato maxim\u00e1ln\u011b 8 \u017e\u00e1k\u016f. Nezbytn\u00fdmi p\u0159edpoklady, za kter\u00fdch [&hellip;]<\/p>\n","protected":false},"author":1,"featured_media":2482,"parent":0,"menu_order":0,"comment_status":"closed","ping_status":"closed","template":"","meta":{"footnotes":""},"blocksy_meta":[],"featured_image_urls":{"full":["https:\/\/www.vuvisnove.cz\/wp-content\/uploads\/91838c6a-2fef-4c0c-8839-e59bb390f36e.jpeg",1024,1024,false],"thumbnail":["https:\/\/www.vuvisnove.cz\/wp-content\/uploads\/91838c6a-2fef-4c0c-8839-e59bb390f36e-150x150.jpeg",150,150,true],"medium":["https:\/\/www.vuvisnove.cz\/wp-content\/uploads\/91838c6a-2fef-4c0c-8839-e59bb390f36e-300x300.jpeg",300,300,true],"medium_large":["https:\/\/www.vuvisnove.cz\/wp-content\/uploads\/91838c6a-2fef-4c0c-8839-e59bb390f36e-768x768.jpeg",768,768,true],"large":["https:\/\/www.vuvisnove.cz\/wp-content\/uploads\/91838c6a-2fef-4c0c-8839-e59bb390f36e.jpeg",1024,1024,false],"1536x1536":["https:\/\/www.vuvisnove.cz\/wp-content\/uploads\/91838c6a-2fef-4c0c-8839-e59bb390f36e.jpeg",1024,1024,false],"2048x2048":["https:\/\/www.vuvisnove.cz\/wp-content\/uploads\/91838c6a-2fef-4c0c-8839-e59bb390f36e.jpeg",1024,1024,false]},"post_excerpt_stackable":"<p>\u00dadaje o p\u0159ij\u00edmac\u00edm \u0159\u00edzen\u00ed na St\u0159edn\u00ed \u0161kolu Vi\u0161\u0148ov\u00e9, Z\u00e1mek 1 Obory jsou ur\u010deny pro \u017e\u00e1ky s ukon\u010den\u00fdm z\u00e1kladn\u00edm vzd\u011bl\u00e1n\u00edm, kter\u00fdm byla na\u0159\u00edzena soudem \u00fastavn\u00ed nebo ochrann\u00e1 v\u00fdchova v na\u0161em z\u0159\u00edzen\u00ed. P\u0159ij\u00edmac\u00ed zkou\u0161ka (jednotn\u00e1 zkou\u0161ka ani \u0161koln\u00ed p\u0159ij\u00edmac\u00ed zkou\u0161ka) se nekon\u00e1. Ke vzd\u011bl\u00e1v\u00e1n\u00ed v ka\u017ed\u00e9m oboru m\u016f\u017ee b\u00fdt p\u0159ijato maxim\u00e1ln\u011b 8 \u017e\u00e1k\u016f. Nezbytn\u00fdmi p\u0159edpoklady, za kter\u00fdch se m\u016f\u017ee uchaze\u010d st\u00e1t \u017e\u00e1kem S\u0160, jsou zejm\u00e9na: Odevzd\u00e1n\u00ed p\u0159ihl\u00e1\u0161ky- \u0159\u00e1dn\u011b vypln\u011bn\u00e1 Spln\u011bn\u00ed podm\u00ednek zdravotn\u00ed zp\u016fsobilosti uchaze\u010d\u016f o studium dan\u00e9ho oboru vzd\u011bl\u00e1n\u00ed. Podm\u00ednky zdravotn\u00ed zp\u016fsobilosti jsou stanoveny v na\u0159\u00edzen\u00ed vl\u00e1dy \u010d. 211\/2010 Sb., o soustav\u011b obor\u016f vzd\u011bl\u00e1n\u00ed v z\u00e1kladn\u00edm, st\u0159edn\u00edm a vy\u0161\u0161\u00edm odborn\u00e9m vzd\u011bl\u00e1v\u00e1n\u00ed, ve&hellip;<\/p>\n","category_list":"","author_info":{"name":"admin","url":"https:\/\/www.vuvisnove.cz\/?author=1"},"comments_num":"0 comments","featured_image_urls_v2":{"full":["https:\/\/www.vuvisnove.cz\/wp-content\/uploads\/91838c6a-2fef-4c0c-8839-e59bb390f36e.jpeg",1024,1024,false],"thumbnail":["https:\/\/www.vuvisnove.cz\/wp-content\/uploads\/91838c6a-2fef-4c0c-8839-e59bb390f36e-150x150.jpeg",150,150,true],"medium":["https:\/\/www.vuvisnove.cz\/wp-content\/uploads\/91838c6a-2fef-4c0c-8839-e59bb390f36e-300x300.jpeg",300,300,true],"medium_large":["https:\/\/www.vuvisnove.cz\/wp-content\/uploads\/91838c6a-2fef-4c0c-8839-e59bb390f36e-768x768.jpeg",768,768,true],"large":["https:\/\/www.vuvisnove.cz\/wp-content\/uploads\/91838c6a-2fef-4c0c-8839-e59bb390f36e.jpeg",1024,1024,false],"1536x1536":["https:\/\/www.vuvisnove.cz\/wp-content\/uploads\/91838c6a-2fef-4c0c-8839-e59bb390f36e.jpeg",1024,1024,false],"2048x2048":["https:\/\/www.vuvisnove.cz\/wp-content\/uploads\/91838c6a-2fef-4c0c-8839-e59bb390f36e.jpeg",1024,1024,false]},"post_excerpt_stackable_v2":"<p>\u00dadaje o p\u0159ij\u00edmac\u00edm \u0159\u00edzen\u00ed na St\u0159edn\u00ed \u0161kolu Vi\u0161\u0148ov\u00e9, Z\u00e1mek 1 Obory jsou ur\u010deny pro \u017e\u00e1ky s ukon\u010den\u00fdm z\u00e1kladn\u00edm vzd\u011bl\u00e1n\u00edm, kter\u00fdm byla na\u0159\u00edzena soudem \u00fastavn\u00ed nebo ochrann\u00e1 v\u00fdchova v na\u0161em z\u0159\u00edzen\u00ed. P\u0159ij\u00edmac\u00ed zkou\u0161ka (jednotn\u00e1 zkou\u0161ka ani \u0161koln\u00ed p\u0159ij\u00edmac\u00ed zkou\u0161ka) se nekon\u00e1. Ke vzd\u011bl\u00e1v\u00e1n\u00ed v ka\u017ed\u00e9m oboru m\u016f\u017ee b\u00fdt p\u0159ijato maxim\u00e1ln\u011b 8 \u017e\u00e1k\u016f. Nezbytn\u00fdmi p\u0159edpoklady, za kter\u00fdch se m\u016f\u017ee uchaze\u010d st\u00e1t \u017e\u00e1kem S\u0160, jsou zejm\u00e9na: Odevzd\u00e1n\u00ed p\u0159ihl\u00e1\u0161ky- \u0159\u00e1dn\u011b vypln\u011bn\u00e1 Spln\u011bn\u00ed podm\u00ednek zdravotn\u00ed zp\u016fsobilosti uchaze\u010d\u016f o studium dan\u00e9ho oboru vzd\u011bl\u00e1n\u00ed. Podm\u00ednky zdravotn\u00ed zp\u016fsobilosti jsou stanoveny v na\u0159\u00edzen\u00ed vl\u00e1dy \u010d. 211\/2010 Sb., o soustav\u011b obor\u016f vzd\u011bl\u00e1n\u00ed v z\u00e1kladn\u00edm, st\u0159edn\u00edm a vy\u0161\u0161\u00edm odborn\u00e9m vzd\u011bl\u00e1v\u00e1n\u00ed, ve&hellip;<\/p>\n","category_list_v2":"","author_info_v2":{"name":"admin","url":"https:\/\/www.vuvisnove.cz\/?author=1"},"comments_num_v2":"0 comments","_links":{"self":[{"href":"https:\/\/www.vuvisnove.cz\/index.php?rest_route=\/wp\/v2\/pages\/2305"}],"collection":[{"href":"https:\/\/www.vuvisnove.cz\/index.php?rest_route=\/wp\/v2\/pages"}],"about":[{"href":"https:\/\/www.vuvisnove.cz\/index.php?rest_route=\/wp\/v2\/types\/page"}],"author":[{"embeddable":true,"href":"https:\/\/www.vuvisnove.cz\/index.php?rest_route=\/wp\/v2\/users\/1"}],"replies":[{"embeddable":true,"href":"https:\/\/www.vuvisnove.cz\/index.php?rest_route=%2Fwp%2Fv2%2Fcomments&post=2305"}],"version-history":[{"count":29,"href":"https:\/\/www.vuvisnove.cz\/index.php?rest_route=\/wp\/v2\/pages\/2305\/revisions"}],"predecessor-version":[{"id":3271,"href":"https:\/\/www.vuvisnove.cz\/index.php?rest_route=\/wp\/v2\/pages\/2305\/revisions\/3271"}],"wp:featuredmedia":[{"embeddable":true,"href":"https:\/\/www.vuvisnove.cz\/index.php?rest_route=\/wp\/v2\/media\/2482"}],"wp:attachment":[{"href":"https:\/\/www.vuvisnove.cz\/index.php?rest_route=%2Fwp%2Fv2%2Fmedia&parent=2305"}],"curies":[{"name":"wp","href":"https:\/\/api.w.org\/{rel}","templated":true}]}}