{"id":2309,"date":"2024-01-10T13:22:29","date_gmt":"2024-01-10T12:22:29","guid":{"rendered":"https:\/\/novy.vuvisnove.cz\/?page_id=2309"},"modified":"2024-02-02T11:58:24","modified_gmt":"2024-02-02T10:58:24","slug":"nabidka-oboru","status":"publish","type":"page","link":"https:\/\/www.vuvisnove.cz\/?page_id=2309","title":{"rendered":"Nab\u00eddka obor\u016f"},"content":{"rendered":"\n<div class=\"wp-block-stackable-spacer stk-block-spacer stk--no-padding stk-block stk-489e9cc\" data-block-id=\"489e9cc\"><\/div>\n\n\n\n<div class=\"wp-block-file\"><a href=\"https:\/\/www.vuvisnove.cz\/wp-content\/uploads\/Prace-ve-stravovani.pdf\" class=\"wp-block-file__button wp-element-button\" download>Pr\u00e1ce ve stravov\u00e1n\u00ed<\/a><\/div>\n\n\n\n<div class=\"wp-block-file\"><a href=\"https:\/\/www.vuvisnove.cz\/wp-content\/uploads\/Stavebni-prace.pdf\" class=\"wp-block-file__button wp-element-button\" download>Stavebn\u00ed pr\u00e1ce<\/a><\/div>\n\n\n\n<div class=\"wp-block-file\"><a href=\"https:\/\/www.vuvisnove.cz\/wp-content\/uploads\/Zahradnicka-vyroba.pdf\" class=\"wp-block-file__button wp-element-button\" download>Zahradnick\u00e1 v\u00fdroba<\/a><\/div>\n","protected":false},"excerpt":{"rendered":"","protected":false},"author":1,"featured_media":2485,"parent":0,"menu_order":0,"comment_status":"closed","ping_status":"closed","template":"","meta":{"footnotes":""},"blocksy_meta":[],"featured_image_urls":{"full":["https:\/\/www.vuvisnove.cz\/wp-content\/uploads\/e74a90f5-ddb4-4879-9f37-a61c8f6b77f7.jpeg",1024,1024,false],"thumbnail":["https:\/\/www.vuvisnove.cz\/wp-content\/uploads\/e74a90f5-ddb4-4879-9f37-a61c8f6b77f7-150x150.jpeg",150,150,true],"medium":["https:\/\/www.vuvisnove.cz\/wp-content\/uploads\/e74a90f5-ddb4-4879-9f37-a61c8f6b77f7-300x300.jpeg",300,300,true],"medium_large":["https:\/\/www.vuvisnove.cz\/wp-content\/uploads\/e74a90f5-ddb4-4879-9f37-a61c8f6b77f7-768x768.jpeg",768,768,true],"large":["https:\/\/www.vuvisnove.cz\/wp-content\/uploads\/e74a90f5-ddb4-4879-9f37-a61c8f6b77f7.jpeg",1024,1024,false],"1536x1536":["https:\/\/www.vuvisnove.cz\/wp-content\/uploads\/e74a90f5-ddb4-4879-9f37-a61c8f6b77f7.jpeg",1024,1024,false],"2048x2048":["https:\/\/www.vuvisnove.cz\/wp-content\/uploads\/e74a90f5-ddb4-4879-9f37-a61c8f6b77f7.jpeg",1024,1024,false]},"post_excerpt_stackable":"<p>Pr\u00e1ce ve stravov\u00e1n\u00ed Stavebn\u00ed pr\u00e1ce Zahradnick\u00e1 v\u00fdroba<\/p>\n","category_list":"","author_info":{"name":"admin","url":"https:\/\/www.vuvisnove.cz\/?author=1"},"comments_num":"0 comments","featured_image_urls_v2":{"full":["https:\/\/www.vuvisnove.cz\/wp-content\/uploads\/e74a90f5-ddb4-4879-9f37-a61c8f6b77f7.jpeg",1024,1024,false],"thumbnail":["https:\/\/www.vuvisnove.cz\/wp-content\/uploads\/e74a90f5-ddb4-4879-9f37-a61c8f6b77f7-150x150.jpeg",150,150,true],"medium":["https:\/\/www.vuvisnove.cz\/wp-content\/uploads\/e74a90f5-ddb4-4879-9f37-a61c8f6b77f7-300x300.jpeg",300,300,true],"medium_large":["https:\/\/www.vuvisnove.cz\/wp-content\/uploads\/e74a90f5-ddb4-4879-9f37-a61c8f6b77f7-768x768.jpeg",768,768,true],"large":["https:\/\/www.vuvisnove.cz\/wp-content\/uploads\/e74a90f5-ddb4-4879-9f37-a61c8f6b77f7.jpeg",1024,1024,false],"1536x1536":["https:\/\/www.vuvisnove.cz\/wp-content\/uploads\/e74a90f5-ddb4-4879-9f37-a61c8f6b77f7.jpeg",1024,1024,false],"2048x2048":["https:\/\/www.vuvisnove.cz\/wp-content\/uploads\/e74a90f5-ddb4-4879-9f37-a61c8f6b77f7.jpeg",1024,1024,false]},"post_excerpt_stackable_v2":"<p>Pr\u00e1ce ve stravov\u00e1n\u00ed Stavebn\u00ed pr\u00e1ce Zahradnick\u00e1 v\u00fdroba<\/p>\n","category_list_v2":"","author_info_v2":{"name":"admin","url":"https:\/\/www.vuvisnove.cz\/?author=1"},"comments_num_v2":"0 comments","_links":{"self":[{"href":"https:\/\/www.vuvisnove.cz\/index.php?rest_route=\/wp\/v2\/pages\/2309"}],"collection":[{"href":"https:\/\/www.vuvisnove.cz\/index.php?rest_route=\/wp\/v2\/pages"}],"about":[{"href":"https:\/\/www.vuvisnove.cz\/index.php?rest_route=\/wp\/v2\/types\/page"}],"author":[{"embeddable":true,"href":"https:\/\/www.vuvisnove.cz\/index.php?rest_route=\/wp\/v2\/users\/1"}],"replies":[{"embeddable":true,"href":"https:\/\/www.vuvisnove.cz\/index.php?rest_route=%2Fwp%2Fv2%2Fcomments&post=2309"}],"version-history":[{"count":6,"href":"https:\/\/www.vuvisnove.cz\/index.php?rest_route=\/wp\/v2\/pages\/2309\/revisions"}],"predecessor-version":[{"id":2664,"href":"https:\/\/www.vuvisnove.cz\/index.php?rest_route=\/wp\/v2\/pages\/2309\/revisions\/2664"}],"wp:featuredmedia":[{"embeddable":true,"href":"https:\/\/www.vuvisnove.cz\/index.php?rest_route=\/wp\/v2\/media\/2485"}],"wp:attachment":[{"href":"https:\/\/www.vuvisnove.cz\/index.php?rest_route=%2Fwp%2Fv2%2Fmedia&parent=2309"}],"curies":[{"name":"wp","href":"https:\/\/api.w.org\/{rel}","templated":true}]}}