{"id":2312,"date":"2024-01-10T13:22:55","date_gmt":"2024-01-10T12:22:55","guid":{"rendered":"https:\/\/novy.vuvisnove.cz\/?page_id=2312"},"modified":"2024-11-14T13:49:45","modified_gmt":"2024-11-14T12:49:45","slug":"ucebni-materialy","status":"publish","type":"page","link":"https:\/\/www.vuvisnove.cz\/?page_id=2312","title":{"rendered":"U\u010debn\u00ed materi\u00e1ly"},"content":{"rendered":"","protected":false},"excerpt":{"rendered":"","protected":false},"author":1,"featured_media":2488,"parent":0,"menu_order":0,"comment_status":"closed","ping_status":"closed","template":"","meta":{"footnotes":""},"blocksy_meta":[],"featured_image_urls":{"full":["https:\/\/www.vuvisnove.cz\/wp-content\/uploads\/6db51382-60e5-432a-8e19-ee19a891861b.jpeg",1024,1024,false],"thumbnail":["https:\/\/www.vuvisnove.cz\/wp-content\/uploads\/6db51382-60e5-432a-8e19-ee19a891861b-150x150.jpeg",150,150,true],"medium":["https:\/\/www.vuvisnove.cz\/wp-content\/uploads\/6db51382-60e5-432a-8e19-ee19a891861b-300x300.jpeg",300,300,true],"medium_large":["https:\/\/www.vuvisnove.cz\/wp-content\/uploads\/6db51382-60e5-432a-8e19-ee19a891861b-768x768.jpeg",768,768,true],"large":["https:\/\/www.vuvisnove.cz\/wp-content\/uploads\/6db51382-60e5-432a-8e19-ee19a891861b.jpeg",1024,1024,false],"1536x1536":["https:\/\/www.vuvisnove.cz\/wp-content\/uploads\/6db51382-60e5-432a-8e19-ee19a891861b.jpeg",1024,1024,false],"2048x2048":["https:\/\/www.vuvisnove.cz\/wp-content\/uploads\/6db51382-60e5-432a-8e19-ee19a891861b.jpeg",1024,1024,false]},"post_excerpt_stackable":"","category_list":"","author_info":{"name":"admin","url":"https:\/\/www.vuvisnove.cz\/?author=1"},"comments_num":"0 comments","featured_image_urls_v2":{"full":["https:\/\/www.vuvisnove.cz\/wp-content\/uploads\/6db51382-60e5-432a-8e19-ee19a891861b.jpeg",1024,1024,false],"thumbnail":["https:\/\/www.vuvisnove.cz\/wp-content\/uploads\/6db51382-60e5-432a-8e19-ee19a891861b-150x150.jpeg",150,150,true],"medium":["https:\/\/www.vuvisnove.cz\/wp-content\/uploads\/6db51382-60e5-432a-8e19-ee19a891861b-300x300.jpeg",300,300,true],"medium_large":["https:\/\/www.vuvisnove.cz\/wp-content\/uploads\/6db51382-60e5-432a-8e19-ee19a891861b-768x768.jpeg",768,768,true],"large":["https:\/\/www.vuvisnove.cz\/wp-content\/uploads\/6db51382-60e5-432a-8e19-ee19a891861b.jpeg",1024,1024,false],"1536x1536":["https:\/\/www.vuvisnove.cz\/wp-content\/uploads\/6db51382-60e5-432a-8e19-ee19a891861b.jpeg",1024,1024,false],"2048x2048":["https:\/\/www.vuvisnove.cz\/wp-content\/uploads\/6db51382-60e5-432a-8e19-ee19a891861b.jpeg",1024,1024,false]},"post_excerpt_stackable_v2":"","category_list_v2":"","author_info_v2":{"name":"admin","url":"https:\/\/www.vuvisnove.cz\/?author=1"},"comments_num_v2":"0 comments","_links":{"self":[{"href":"https:\/\/www.vuvisnove.cz\/index.php?rest_route=\/wp\/v2\/pages\/2312"}],"collection":[{"href":"https:\/\/www.vuvisnove.cz\/index.php?rest_route=\/wp\/v2\/pages"}],"about":[{"href":"https:\/\/www.vuvisnove.cz\/index.php?rest_route=\/wp\/v2\/types\/page"}],"author":[{"embeddable":true,"href":"https:\/\/www.vuvisnove.cz\/index.php?rest_route=\/wp\/v2\/users\/1"}],"replies":[{"embeddable":true,"href":"https:\/\/www.vuvisnove.cz\/index.php?rest_route=%2Fwp%2Fv2%2Fcomments&post=2312"}],"version-history":[{"count":1,"href":"https:\/\/www.vuvisnove.cz\/index.php?rest_route=\/wp\/v2\/pages\/2312\/revisions"}],"predecessor-version":[{"id":2314,"href":"https:\/\/www.vuvisnove.cz\/index.php?rest_route=\/wp\/v2\/pages\/2312\/revisions\/2314"}],"wp:featuredmedia":[{"embeddable":true,"href":"https:\/\/www.vuvisnove.cz\/index.php?rest_route=\/wp\/v2\/media\/2488"}],"wp:attachment":[{"href":"https:\/\/www.vuvisnove.cz\/index.php?rest_route=%2Fwp%2Fv2%2Fmedia&parent=2312"}],"curies":[{"name":"wp","href":"https:\/\/api.w.org\/{rel}","templated":true}]}}