{"id":2335,"date":"2024-01-10T14:09:50","date_gmt":"2024-01-10T13:09:50","guid":{"rendered":"https:\/\/novy.vuvisnove.cz\/?page_id=2335"},"modified":"2025-12-10T12:25:16","modified_gmt":"2025-12-10T11:25:16","slug":"dokumenty-vychovny-ustav","status":"publish","type":"page","link":"https:\/\/www.vuvisnove.cz\/?page_id=2335","title":{"rendered":"Dokumenty &#8211; v\u00fdchovn\u00fd \u00fastav"},"content":{"rendered":"\n<div class=\"wp-block-stackable-spacer stk-block-spacer stk--no-padding stk-block stk-1af299f\" data-block-id=\"1af299f\"><style>.stk-1af299f{height:61px !important}<\/style><\/div>\n\n\n\n<div class=\"wp-block-file\"><a href=\"https:\/\/www.vuvisnove.cz\/wp-content\/uploads\/Smernice-o-ochrane-oznamovatelu-2024_compressed-1.pdf\" class=\"wp-block-file__button wp-element-button\" download>Sm\u011brnice o ochran\u011b oznamovatel\u016f (2024)<\/a><\/div>\n\n\n\n<div class=\"wp-block-file\"><a href=\"https:\/\/www.vuvisnove.cz\/wp-content\/uploads\/Smernice-pro-vyrizovani-stiznosti.docx\" class=\"wp-block-file__button wp-element-button\" download>Sm\u011brnice pro vy\u0159izov\u00e1n\u00ed st\u00ed\u017enost\u00ed<\/a><\/div>\n\n\n\n<div class=\"wp-block-file\"><a href=\"https:\/\/www.vuvisnove.cz\/wp-content\/uploads\/SVP-PRO-VYCHOVU-2023-2024.docx\" class=\"wp-block-file__button wp-element-button\" download>\u0160VP- V\u00ddCHOVA- 2023\/2024<\/a><\/div>\n\n\n\n<div class=\"wp-block-file\"><a href=\"https:\/\/www.vuvisnove.cz\/wp-content\/uploads\/GDPR-Zakladni-informace-o-zpracovani-osobnich-udaju-VU-Visnove-2024.pdf\" class=\"wp-block-file__button wp-element-button\" download>GDPR-Z\u00e1kladn\u00ed informace o zpracovan\u00ed osobn\u00edch \u00fadaj\u016f 2024<\/a><\/div>\n\n\n\n<div class=\"wp-block-stackable-spacer stk-block-spacer stk--no-padding stk-block stk-5f96085\" data-block-id=\"5f96085\"><style>.stk-5f96085{height:12px !important}<\/style><\/div>\n\n\n\n<div class=\"wp-block-file\"><a href=\"https:\/\/www.vuvisnove.cz\/wp-content\/uploads\/Minimalni-preventivni-program-2025-2026.pdf\" class=\"wp-block-file__button wp-element-button\" download>Minim\u00e1ln\u00ed preventivn\u00ed program 2025-2026<\/a><\/div>\n\n\n\n<div class=\"wp-block-file\"><a href=\"https:\/\/www.vuvisnove.cz\/wp-content\/uploads\/Vyrocni-zprava-sk.r.2024-2025.pdf\" class=\"wp-block-file__button wp-element-button\" download>V\u00ddRO\u010cN\u00cd ZPR\u00c1VA 2024-2025<\/a><\/div>\n\n\n\n<div class=\"wp-block-file\"><a href=\"https:\/\/www.vuvisnove.cz\/wp-content\/uploads\/Vnitrni-rad-2025-3.pdf\" class=\"wp-block-file__button wp-element-button\" download>VNIT\u0158N\u00cd \u0158\u00c1D 2025<\/a><\/div>\n","protected":false},"excerpt":{"rendered":"","protected":false},"author":1,"featured_media":2388,"parent":0,"menu_order":0,"comment_status":"closed","ping_status":"closed","template":"","meta":{"footnotes":""},"blocksy_meta":[],"featured_image_urls":{"full":["https:\/\/www.vuvisnove.cz\/wp-content\/uploads\/normal_glowna_a00f41fc6a86378e1a8592f8584ca65b.jpg",719,315,false],"thumbnail":["https:\/\/www.vuvisnove.cz\/wp-content\/uploads\/normal_glowna_a00f41fc6a86378e1a8592f8584ca65b-150x150.jpg",150,150,true],"medium":["https:\/\/www.vuvisnove.cz\/wp-content\/uploads\/normal_glowna_a00f41fc6a86378e1a8592f8584ca65b-300x131.jpg",300,131,true],"medium_large":["https:\/\/www.vuvisnove.cz\/wp-content\/uploads\/normal_glowna_a00f41fc6a86378e1a8592f8584ca65b.jpg",719,315,false],"large":["https:\/\/www.vuvisnove.cz\/wp-content\/uploads\/normal_glowna_a00f41fc6a86378e1a8592f8584ca65b.jpg",719,315,false],"1536x1536":["https:\/\/www.vuvisnove.cz\/wp-content\/uploads\/normal_glowna_a00f41fc6a86378e1a8592f8584ca65b.jpg",719,315,false],"2048x2048":["https:\/\/www.vuvisnove.cz\/wp-content\/uploads\/normal_glowna_a00f41fc6a86378e1a8592f8584ca65b.jpg",719,315,false]},"post_excerpt_stackable":"<p>Sm\u011brnice o ochran\u011b oznamovatel\u016f (2024) Sm\u011brnice pro vy\u0159izov\u00e1n\u00ed st\u00ed\u017enost\u00ed \u0160VP- V\u00ddCHOVA- 2023\/2024 GDPR-Z\u00e1kladn\u00ed informace o zpracovan\u00ed osobn\u00edch \u00fadaj\u016f 2024 Minim\u00e1ln\u00ed preventivn\u00ed program 2025-2026 V\u00ddRO\u010cN\u00cd ZPR\u00c1VA 2024-2025 VNIT\u0158N\u00cd \u0158\u00c1D 2025<\/p>\n","category_list":"","author_info":{"name":"admin","url":"https:\/\/www.vuvisnove.cz\/?author=1"},"comments_num":"0 comments","featured_image_urls_v2":{"full":["https:\/\/www.vuvisnove.cz\/wp-content\/uploads\/normal_glowna_a00f41fc6a86378e1a8592f8584ca65b.jpg",719,315,false],"thumbnail":["https:\/\/www.vuvisnove.cz\/wp-content\/uploads\/normal_glowna_a00f41fc6a86378e1a8592f8584ca65b-150x150.jpg",150,150,true],"medium":["https:\/\/www.vuvisnove.cz\/wp-content\/uploads\/normal_glowna_a00f41fc6a86378e1a8592f8584ca65b-300x131.jpg",300,131,true],"medium_large":["https:\/\/www.vuvisnove.cz\/wp-content\/uploads\/normal_glowna_a00f41fc6a86378e1a8592f8584ca65b.jpg",719,315,false],"large":["https:\/\/www.vuvisnove.cz\/wp-content\/uploads\/normal_glowna_a00f41fc6a86378e1a8592f8584ca65b.jpg",719,315,false],"1536x1536":["https:\/\/www.vuvisnove.cz\/wp-content\/uploads\/normal_glowna_a00f41fc6a86378e1a8592f8584ca65b.jpg",719,315,false],"2048x2048":["https:\/\/www.vuvisnove.cz\/wp-content\/uploads\/normal_glowna_a00f41fc6a86378e1a8592f8584ca65b.jpg",719,315,false]},"post_excerpt_stackable_v2":"<p>Sm\u011brnice o ochran\u011b oznamovatel\u016f (2024) Sm\u011brnice pro vy\u0159izov\u00e1n\u00ed st\u00ed\u017enost\u00ed \u0160VP- V\u00ddCHOVA- 2023\/2024 GDPR-Z\u00e1kladn\u00ed informace o zpracovan\u00ed osobn\u00edch \u00fadaj\u016f 2024 Minim\u00e1ln\u00ed preventivn\u00ed program 2025-2026 V\u00ddRO\u010cN\u00cd ZPR\u00c1VA 2024-2025 VNIT\u0158N\u00cd \u0158\u00c1D 2025<\/p>\n","category_list_v2":"","author_info_v2":{"name":"admin","url":"https:\/\/www.vuvisnove.cz\/?author=1"},"comments_num_v2":"0 comments","_links":{"self":[{"href":"https:\/\/www.vuvisnove.cz\/index.php?rest_route=\/wp\/v2\/pages\/2335"}],"collection":[{"href":"https:\/\/www.vuvisnove.cz\/index.php?rest_route=\/wp\/v2\/pages"}],"about":[{"href":"https:\/\/www.vuvisnove.cz\/index.php?rest_route=\/wp\/v2\/types\/page"}],"author":[{"embeddable":true,"href":"https:\/\/www.vuvisnove.cz\/index.php?rest_route=\/wp\/v2\/users\/1"}],"replies":[{"embeddable":true,"href":"https:\/\/www.vuvisnove.cz\/index.php?rest_route=%2Fwp%2Fv2%2Fcomments&post=2335"}],"version-history":[{"count":36,"href":"https:\/\/www.vuvisnove.cz\/index.php?rest_route=\/wp\/v2\/pages\/2335\/revisions"}],"predecessor-version":[{"id":3229,"href":"https:\/\/www.vuvisnove.cz\/index.php?rest_route=\/wp\/v2\/pages\/2335\/revisions\/3229"}],"wp:featuredmedia":[{"embeddable":true,"href":"https:\/\/www.vuvisnove.cz\/index.php?rest_route=\/wp\/v2\/media\/2388"}],"wp:attachment":[{"href":"https:\/\/www.vuvisnove.cz\/index.php?rest_route=%2Fwp%2Fv2%2Fmedia&parent=2335"}],"curies":[{"name":"wp","href":"https:\/\/api.w.org\/{rel}","templated":true}]}}